{"id":370,"date":"2021-02-27T11:56:26","date_gmt":"2021-02-27T10:56:26","guid":{"rendered":"http:\/\/mcpl1.com\/sg\/?page_id=370"},"modified":"2021-03-24T13:45:40","modified_gmt":"2021-03-24T12:45:40","slug":"objekt-1","status":"publish","type":"page","link":"https:\/\/mcpl1.com\/sg\/objekt-1\/","title":{"rendered":"Referenz Dortmund"},"content":{"rendered":"[vc_row type=&#8220;in_container&#8220; full_screen_row_position=&#8220;middle&#8220; column_margin=&#8220;default&#8220; column_direction=&#8220;default&#8220; column_direction_tablet=&#8220;default&#8220; column_direction_phone=&#8220;default&#8220; scene_position=&#8220;center&#8220; text_color=&#8220;dark&#8220; text_align=&#8220;left&#8220; row_border_radius=&#8220;none&#8220; row_border_radius_applies=&#8220;bg&#8220; overlay_strength=&#8220;0.3&#8243; gradient_direction=&#8220;left_to_right&#8220; shape_divider_position=&#8220;bottom&#8220; bg_image_animation=&#8220;none&#8220; shape_type=&#8220;&#8220;][vc_column column_padding=&#8220;no-extra-padding&#8220; column_padding_tablet=&#8220;inherit&#8220; column_padding_phone=&#8220;inherit&#8220; column_padding_position=&#8220;all&#8220; background_color_opacity=&#8220;1&#8243; background_hover_color_opacity=&#8220;1&#8243; column_shadow=&#8220;none&#8220; column_border_radius=&#8220;none&#8220; column_link_target=&#8220;_self&#8220; gradient_direction=&#8220;left_to_right&#8220; overlay_strength=&#8220;0.3&#8243; width=&#8220;1\/1&#8243; tablet_width_inherit=&#8220;default&#8220; tablet_text_alignment=&#8220;default&#8220; phone_text_alignment=&#8220;default&#8220; column_border_width=&#8220;none&#8220; column_border_style=&#8220;solid&#8220; bg_image_animation=&#8220;none&#8220;][vc_raw_html]JTNDaWZyYW1lJTIwc3JjJTNEJTIyaHR0cHMlM0ElMkYlMkZjbXMucGFub21ha2VyLmRlJTJGZGUlMkZ2dCUyRmltdjM2MCUyRmQlMkY5NDQ4NSUyRnNpdiUyRjElM0Z2aWV3Lmhsb29rYXQlM0QtMzQuMzclMjZ2aWV3LnZsb29rYXQlM0Q1LjU1JTI2dmlldy5mb3YlM0QxMjAlMjIlMjB3aWR0aCUzRCUyMjEwMCUyNSUyMiUyMGhlaWdodCUzRCUyMjcwMHB4JTIyJTIwZnJhbWVib3JkZXIlM0QlMjIwJTIyJTIwc3R5bGUlM0QlMjJib3JkZXIlM0EwJTIyJTNFJTNDJTJGaWZyYW1lJTNF[\/vc_raw_html][\/vc_column][\/vc_row][vc_row type=&#8220;full_width_background&#8220; full_screen_row_position=&#8220;middle&#8220; column_margin=&#8220;default&#8220; column_direction=&#8220;default&#8220; column_direction_tablet=&#8220;default&#8220; column_direction_phone=&#8220;default&#8220; bg_color=&#8220;#ffffff&#8220; scene_position=&#8220;center&#8220; top_padding=&#8220;50 px&#8220; bottom_padding=&#8220;50 px&#8220; top_padding_phone=&#8220;0&#8243; text_color=&#8220;dark&#8220; text_align=&#8220;left&#8220; row_border_radius=&#8220;none&#8220; row_border_radius_applies=&#8220;bg&#8220; overlay_strength=&#8220;1&#8243; gradient_direction=&#8220;left_to_right&#8220; shape_divider_position=&#8220;bottom&#8220; bg_image_animation=&#8220;none&#8220; shape_type=&#8220;&#8220;][vc_column column_padding=&#8220;no-extra-padding&#8220; column_padding_tablet=&#8220;inherit&#8220; column_padding_phone=&#8220;inherit&#8220; column_padding_position=&#8220;all&#8220; background_color_opacity=&#8220;1&#8243; background_hover_color_opacity=&#8220;1&#8243; column_shadow=&#8220;none&#8220; column_border_radius=&#8220;none&#8220; column_link_target=&#8220;_self&#8220; gradient_direction=&#8220;left_to_right&#8220; overlay_strength=&#8220;0.3&#8243; width=&#8220;1\/2&#8243; tablet_width_inherit=&#8220;default&#8220; tablet_text_alignment=&#8220;default&#8220; phone_text_alignment=&#8220;default&#8220; column_border_width=&#8220;none&#8220; column_border_style=&#8220;solid&#8220; bg_image_animation=&#8220;none&#8220; enable_animation=&#8220;true&#8220; animation=&#8220;fade-in-from-bottom&#8220;][vc_row_inner column_margin=&#8220;90px&#8220; column_direction=&#8220;default&#8220; column_direction_tablet=&#8220;default&#8220; column_direction_phone=&#8220;default&#8220; top_padding=&#8220;0 px&#8220; bottom_padding=&#8220;100 px&#8220; bottom_padding_phone=&#8220;0&#8243; text_align=&#8220;left&#8220;][vc_column_inner column_padding=&#8220;padding-3-percent&#8220; column_padding_tablet=&#8220;inherit&#8220; column_padding_phone=&#8220;inherit&#8220; column_padding_position=&#8220;top-bottom&#8220; background_color_opacity=&#8220;1&#8243; background_hover_color_opacity=&#8220;1&#8243; column_shadow=&#8220;none&#8220; column_border_radius=&#8220;none&#8220; column_link_target=&#8220;_self&#8220; gradient_direction=&#8220;left_to_right&#8220; overlay_strength=&#8220;0.3&#8243; width=&#8220;1\/1&#8243; tablet_width_inherit=&#8220;default&#8220; column_border_width=&#8220;none&#8220; column_border_style=&#8220;solid&#8220; bg_image_animation=&#8220;none&#8220; enable_animation=&#8220;true&#8220; animation=&#8220;fade-in-from-bottom&#8220; delay=&#8220;100&#8243;][vc_column_text css=&#8220;.vc_custom_1614762908424{margin-bottom: 10px !important;padding-right: 10% !important;}&#8220; max_width=&#8220;450&#8243;]\n<h3>Facts<\/h3>\n[\/vc_column_text][nectar_horizontal_list_item columns=&#8220;2&#8243; column_layout_using_2_columns=&#8220;even&#8220; col_1_text_align=&#8220;left&#8220; col_2_text_align=&#8220;left&#8220; col_1_text_element=&#8220;p&#8220; col_2_text_element=&#8220;h5&#8243; font_family=&#8220;p&#8220; hover_effect=&#8220;none&#8220; icon_family=&#8220;none&#8220; icon_size=&#8220;regular&#8220; col_1_content=&#8220;Gr\u00f6\u00dfe&#8220; col_2_content=&#8220;215 qm&#8220;][nectar_horizontal_list_item columns=&#8220;2&#8243; column_layout_using_2_columns=&#8220;even&#8220; col_1_text_align=&#8220;left&#8220; col_2_text_align=&#8220;left&#8220; col_1_text_element=&#8220;p&#8220; col_2_text_element=&#8220;h5&#8243; font_family=&#8220;p&#8220; hover_effect=&#8220;none&#8220; icon_family=&#8220;none&#8220; icon_size=&#8220;regular&#8220; col_1_content=&#8220;Baujahr&#8220; col_2_content=&#8220;2017&#8243;][nectar_horizontal_list_item columns=&#8220;2&#8243; column_layout_using_2_columns=&#8220;even&#8220; col_1_text_align=&#8220;left&#8220; col_2_text_align=&#8220;left&#8220; col_1_text_element=&#8220;p&#8220; col_2_text_element=&#8220;h5&#8243; font_family=&#8220;p&#8220; hover_effect=&#8220;none&#8220; icon_family=&#8220;none&#8220; icon_size=&#8220;regular&#8220; col_1_content=&#8220;Kriterium 3&#8243; col_2_content=&#8220;Antwort&#8220;][nectar_horizontal_list_item columns=&#8220;2&#8243; column_layout_using_2_columns=&#8220;even&#8220; col_1_text_align=&#8220;left&#8220; col_2_text_align=&#8220;left&#8220; col_1_text_element=&#8220;p&#8220; col_2_text_element=&#8220;h5&#8243; font_family=&#8220;p&#8220; hover_effect=&#8220;none&#8220; icon_family=&#8220;none&#8220; icon_size=&#8220;regular&#8220; col_1_content=&#8220;Kriterium 4&#8243; col_2_content=&#8220;Antwort&#8220;][\/vc_column_inner][\/vc_row_inner][\/vc_column][vc_column column_padding=&#8220;no-extra-padding&#8220; column_padding_tablet=&#8220;inherit&#8220; column_padding_phone=&#8220;inherit&#8220; column_padding_position=&#8220;all&#8220; background_color_opacity=&#8220;1&#8243; background_hover_color_opacity=&#8220;1&#8243; font_color=&#8220;#000000&#8243; column_shadow=&#8220;none&#8220; column_border_radius=&#8220;none&#8220; column_link_target=&#8220;_self&#8220; gradient_direction=&#8220;left_to_right&#8220; overlay_strength=&#8220;0.3&#8243; width=&#8220;1\/2&#8243; tablet_width_inherit=&#8220;default&#8220; tablet_text_alignment=&#8220;default&#8220; phone_text_alignment=&#8220;default&#8220; column_border_width=&#8220;none&#8220; column_border_style=&#8220;solid&#8220; bg_image_animation=&#8220;none&#8220;][vc_column_text]Dieser wundersch\u00f6ne Altbau wurde komplett kernsaniert und nach h\u00f6chsten Anspr\u00fcchen umgestaltet &#8230;..[\/vc_column_text][\/vc_column][\/vc_row]\n","protected":false},"excerpt":{"rendered":"<p>[vc_row type=&#8220;in_container&#8220; full_screen_row_position=&#8220;middle&#8220; column_margin=&#8220;default&#8220; column_direction=&#8220;default&#8220; column_direction_tablet=&#8220;default&#8220; column_direction_phone=&#8220;default&#8220; scene_position=&#8220;center&#8220; text_color=&#8220;dark&#8220; text_align=&#8220;left&#8220; row_border_radius=&#8220;none&#8220; row_border_radius_applies=&#8220;bg&#8220; overlay_strength=&#8220;0.3&#8243; gradient_direction=&#8220;left_to_right&#8220; shape_divider_position=&#8220;bottom&#8220; bg_image_animation=&#8220;none&#8220; shape_type=&#8220;&#8220;][vc_column column_padding=&#8220;no-extra-padding&#8220; column_padding_tablet=&#8220;inherit&#8220; column_padding_phone=&#8220;inherit&#8220; column_padding_position=&#8220;all&#8220; background_color_opacity=&#8220;1&#8243; background_hover_color_opacity=&#8220;1&#8243; column_shadow=&#8220;none&#8220; column_border_radius=&#8220;none&#8220; column_link_target=&#8220;_self&#8220; gradient_direction=&#8220;left_to_right&#8220; overlay_strength=&#8220;0.3&#8243; width=&#8220;1\/1&#8243; tablet_width_inherit=&#8220;default&#8220;&#8230;<\/p>\n","protected":false},"author":1,"featured_media":0,"parent":0,"menu_order":0,"comment_status":"closed","ping_status":"closed","template":"","meta":{"footnotes":""},"class_list":["post-370","page","type-page","status-publish"],"yoast_head":"<!-- This site is optimized with the Yoast SEO plugin v15.9.1 - https:\/\/yoast.com\/wordpress\/plugins\/seo\/ -->\n<title>Referenz Dortmund - Sellmann family office<\/title>\n<link rel=\"canonical\" href=\"https:\/\/mcpl1.com\/sg\/objekt-1\/\" \/>\n<meta property=\"og:locale\" content=\"de_DE\" \/>\n<meta property=\"og:type\" content=\"article\" \/>\n<meta property=\"og:title\" content=\"Referenz Dortmund - Sellmann family office\" \/>\n<meta property=\"og:description\" content=\"[vc_row type=&#8220;in_container&#8220; full_screen_row_position=&#8220;middle&#8220; column_margin=&#8220;default&#8220; column_direction=&#8220;default&#8220; column_direction_tablet=&#8220;default&#8220; column_direction_phone=&#8220;default&#8220; scene_position=&#8220;center&#8220; text_color=&#8220;dark&#8220; text_align=&#8220;left&#8220; row_border_radius=&#8220;none&#8220; row_border_radius_applies=&#8220;bg&#8220; overlay_strength=&#8220;0.3&#8243; gradient_direction=&#8220;left_to_right&#8220; shape_divider_position=&#8220;bottom&#8220; bg_image_animation=&#8220;none&#8220; shape_type=&#8220;&#8220;][vc_column column_padding=&#8220;no-extra-padding&#8220; column_padding_tablet=&#8220;inherit&#8220; column_padding_phone=&#8220;inherit&#8220; column_padding_position=&#8220;all&#8220; background_color_opacity=&#8220;1&#8243; background_hover_color_opacity=&#8220;1&#8243; column_shadow=&#8220;none&#8220; column_border_radius=&#8220;none&#8220; column_link_target=&#8220;_self&#8220; gradient_direction=&#8220;left_to_right&#8220; overlay_strength=&#8220;0.3&#8243; width=&#8220;1\/1&#8243; tablet_width_inherit=&#8220;default&#8220;...\" \/>\n<meta property=\"og:url\" content=\"https:\/\/mcpl1.com\/sg\/objekt-1\/\" \/>\n<meta property=\"og:site_name\" content=\"Sellmann family office\" \/>\n<meta property=\"article:modified_time\" content=\"2021-03-24T12:45:40+00:00\" \/>\n<meta name=\"twitter:card\" content=\"summary_large_image\" \/>\n<meta name=\"twitter:label1\" content=\"Gesch\u00e4tzte Lesezeit\">\n\t<meta name=\"twitter:data1\" content=\"1\u00a0Minute\">\n<script type=\"application\/ld+json\" class=\"yoast-schema-graph\">{\"@context\":\"https:\/\/schema.org\",\"@graph\":[{\"@type\":\"WebSite\",\"@id\":\"https:\/\/mcpl1.com\/sg\/#website\",\"url\":\"https:\/\/mcpl1.com\/sg\/\",\"name\":\"Sellmann family office\",\"description\":\"Immobilien\",\"potentialAction\":[{\"@type\":\"SearchAction\",\"target\":\"https:\/\/mcpl1.com\/sg\/?s={search_term_string}\",\"query-input\":\"required name=search_term_string\"}],\"inLanguage\":\"de\"},{\"@type\":\"WebPage\",\"@id\":\"https:\/\/mcpl1.com\/sg\/objekt-1\/#webpage\",\"url\":\"https:\/\/mcpl1.com\/sg\/objekt-1\/\",\"name\":\"Referenz Dortmund - Sellmann family office\",\"isPartOf\":{\"@id\":\"https:\/\/mcpl1.com\/sg\/#website\"},\"datePublished\":\"2021-02-27T10:56:26+00:00\",\"dateModified\":\"2021-03-24T12:45:40+00:00\",\"breadcrumb\":{\"@id\":\"https:\/\/mcpl1.com\/sg\/objekt-1\/#breadcrumb\"},\"inLanguage\":\"de\",\"potentialAction\":[{\"@type\":\"ReadAction\",\"target\":[\"https:\/\/mcpl1.com\/sg\/objekt-1\/\"]}]},{\"@type\":\"BreadcrumbList\",\"@id\":\"https:\/\/mcpl1.com\/sg\/objekt-1\/#breadcrumb\",\"itemListElement\":[{\"@type\":\"ListItem\",\"position\":1,\"item\":{\"@type\":\"WebPage\",\"@id\":\"https:\/\/mcpl1.com\/sg\/\",\"url\":\"https:\/\/mcpl1.com\/sg\/\",\"name\":\"Startseite\"}},{\"@type\":\"ListItem\",\"position\":2,\"item\":{\"@type\":\"WebPage\",\"@id\":\"https:\/\/mcpl1.com\/sg\/objekt-1\/\",\"url\":\"https:\/\/mcpl1.com\/sg\/objekt-1\/\",\"name\":\"Referenz Dortmund\"}}]}]}<\/script>\n<!-- \/ Yoast SEO plugin. -->","_links":{"self":[{"href":"https:\/\/mcpl1.com\/sg\/wp-json\/wp\/v2\/pages\/370","targetHints":{"allow":["GET"]}}],"collection":[{"href":"https:\/\/mcpl1.com\/sg\/wp-json\/wp\/v2\/pages"}],"about":[{"href":"https:\/\/mcpl1.com\/sg\/wp-json\/wp\/v2\/types\/page"}],"author":[{"embeddable":true,"href":"https:\/\/mcpl1.com\/sg\/wp-json\/wp\/v2\/users\/1"}],"replies":[{"embeddable":true,"href":"https:\/\/mcpl1.com\/sg\/wp-json\/wp\/v2\/comments?post=370"}],"version-history":[{"count":10,"href":"https:\/\/mcpl1.com\/sg\/wp-json\/wp\/v2\/pages\/370\/revisions"}],"predecessor-version":[{"id":582,"href":"https:\/\/mcpl1.com\/sg\/wp-json\/wp\/v2\/pages\/370\/revisions\/582"}],"wp:attachment":[{"href":"https:\/\/mcpl1.com\/sg\/wp-json\/wp\/v2\/media?parent=370"}],"curies":[{"name":"wp","href":"https:\/\/api.w.org\/{rel}","templated":true}]}}